{"id":838,"date":"2024-05-13T10:30:02","date_gmt":"2024-05-13T08:30:02","guid":{"rendered":"https:\/\/enduring-weddings.at\/?page_id=838"},"modified":"2025-11-16T14:52:15","modified_gmt":"2025-11-16T13:52:15","slug":"hochzeitsauto","status":"publish","type":"page","link":"https:\/\/enduring-weddings.at\/en\/hochzeitsauto\/","title":{"rendered":"Wedding Car"},"content":{"rendered":"<div data-elementor-type=\"wp-page\" data-elementor-id=\"838\" class=\"elementor elementor-838\" data-elementor-post-type=\"page\">\n\t\t\t\t\t\t<section class=\"elementor-section elementor-top-section elementor-element elementor-element-4b07418 elementor-section-full_width elementor-section-height-default elementor-section-height-default\" data-id=\"4b07418\" data-element_type=\"section\" data-e-type=\"section\">\n\t\t\t\t\t\t<div class=\"elementor-container elementor-column-gap-no\">\n\t\t\t\t\t<div class=\"elementor-column elementor-col-50 elementor-top-column elementor-element elementor-element-b17e52c\" data-id=\"b17e52c\" data-element_type=\"column\" data-e-type=\"column\" data-settings=\"{&quot;background_background&quot;:&quot;classic&quot;}\">\n\t\t\t<div class=\"elementor-widget-wrap elementor-element-populated\">\n\t\t\t\t\t\t<div class=\"elementor-element elementor-element-50d9c31 elementor-absolute elementor-widget elementor-widget-heading\" data-id=\"50d9c31\" data-element_type=\"widget\" data-e-type=\"widget\" data-settings=\"{&quot;_position&quot;:&quot;absolute&quot;}\" data-widget_type=\"heading.default\">\n\t\t\t\t<div class=\"elementor-widget-container\">\n\t\t\t\t\t<h3 class=\"elementor-heading-title elementor-size-default\">Rudi - VW Bully\n<\/h3>\t\t\t\t<\/div>\n\t\t\t\t<\/div>\n\t\t\t\t<div class=\"elementor-element elementor-element-ffb07c5 elementor-absolute elementor-widget elementor-widget-text-editor\" data-id=\"ffb07c5\" data-element_type=\"widget\" data-e-type=\"widget\" data-settings=\"{&quot;_position&quot;:&quot;absolute&quot;}\" data-widget_type=\"text-editor.default\">\n\t\t\t\t<div class=\"elementor-widget-container\">\n\t\t\t\t\t\t\t\t\t<p class=\"x-subline-versalien\"><span style=\"font-size: 18px;\">The day you say \u201cI do\u201d will be filled with many emotional moments that you and your loved ones will remember for the rest of your lives.\u00a0<\/span><\/p><div class=\"x-richtext w-richtext\"><p>One of these moments is the arrival at the registry office or church. Whether you arrive together or the groom waits for the bride with the guests, the VW T2 Bully adds a special touch to this moment. The elegant classic car not only attracts admiring glances from your wedding guests, but also ensures a memorable ride and expressive photos.<\/p><\/div>\t\t\t\t\t\t\t\t<\/div>\n\t\t\t\t<\/div>\n\t\t\t\t<div class=\"elementor-element elementor-element-e8bba54 elementor-align-left elementor-absolute elementor-widget elementor-widget-button\" data-id=\"e8bba54\" data-element_type=\"widget\" data-e-type=\"widget\" data-settings=\"{&quot;_position&quot;:&quot;absolute&quot;}\" data-widget_type=\"button.default\">\n\t\t\t\t<div class=\"elementor-widget-container\">\n\t\t\t\t\t\t\t\t\t<div class=\"elementor-button-wrapper\">\n\t\t\t\t\t<a class=\"elementor-button elementor-button-link elementor-size-sm\" href=\"https:\/\/enduring-weddings.at\/en\/kontakt\/\">\n\t\t\t\t\t\t<span class=\"elementor-button-content-wrapper\">\n\t\t\t\t\t\t\t\t\t<span class=\"elementor-button-text\">Book now<\/span>\n\t\t\t\t\t<\/span>\n\t\t\t\t\t<\/a>\n\t\t\t\t<\/div>\n\t\t\t\t\t\t\t\t<\/div>\n\t\t\t\t<\/div>\n\t\t\t\t\t<\/div>\n\t\t<\/div>\n\t\t\t\t<div class=\"elementor-column elementor-col-50 elementor-top-column elementor-element elementor-element-53a9cba\" data-id=\"53a9cba\" data-element_type=\"column\" data-e-type=\"column\">\n\t\t\t<div class=\"elementor-widget-wrap elementor-element-populated\">\n\t\t\t\t\t\t<div class=\"elementor-element elementor-element-f51f7b2 elementor-widget elementor-widget-image\" data-id=\"f51f7b2\" data-element_type=\"widget\" data-e-type=\"widget\" data-widget_type=\"image.default\">\n\t\t\t\t<div class=\"elementor-widget-container\">\n\t\t\t\t\t\t\t\t\t\t\t\t\t\t\t<img fetchpriority=\"high\" decoding=\"async\" width=\"2560\" height=\"1707\" src=\"https:\/\/enduring-weddings.at\/wp-content\/uploads\/2024\/05\/2024-04-28-Shooting-Jeezalm-207-scaled.jpg\" class=\"attachment-full size-full wp-image-780\" alt=\"\" srcset=\"https:\/\/enduring-weddings.at\/wp-content\/uploads\/2024\/05\/2024-04-28-Shooting-Jeezalm-207-scaled.jpg 2560w, https:\/\/enduring-weddings.at\/wp-content\/uploads\/2024\/05\/2024-04-28-Shooting-Jeezalm-207-300x200.jpg 300w, https:\/\/enduring-weddings.at\/wp-content\/uploads\/2024\/05\/2024-04-28-Shooting-Jeezalm-207-1024x683.jpg 1024w, https:\/\/enduring-weddings.at\/wp-content\/uploads\/2024\/05\/2024-04-28-Shooting-Jeezalm-207-768x512.jpg 768w, https:\/\/enduring-weddings.at\/wp-content\/uploads\/2024\/05\/2024-04-28-Shooting-Jeezalm-207-1536x1024.jpg 1536w, https:\/\/enduring-weddings.at\/wp-content\/uploads\/2024\/05\/2024-04-28-Shooting-Jeezalm-207-2048x1365.jpg 2048w\" sizes=\"(max-width: 2560px) 100vw, 2560px\" \/>\t\t\t\t\t\t\t\t\t\t\t\t\t\t\t<\/div>\n\t\t\t\t<\/div>\n\t\t\t\t\t<\/div>\n\t\t<\/div>\n\t\t\t\t\t<\/div>\n\t\t<\/section>\n\t\t<div class=\"elementor-element elementor-element-8538712 e-flex e-con-boxed e-con e-parent\" data-id=\"8538712\" data-element_type=\"container\" data-e-type=\"container\">\n\t\t\t\t\t<div class=\"e-con-inner\">\n\t\t\t\t<div class=\"elementor-element elementor-element-4aaa19e elementor-arrows-position-inside elementor-pagination-position-outside elementor-widget elementor-widget-image-carousel\" data-id=\"4aaa19e\" data-element_type=\"widget\" data-e-type=\"widget\" data-settings=\"{&quot;slides_to_show&quot;:&quot;1&quot;,&quot;navigation&quot;:&quot;both&quot;,&quot;autoplay&quot;:&quot;yes&quot;,&quot;pause_on_hover&quot;:&quot;yes&quot;,&quot;pause_on_interaction&quot;:&quot;yes&quot;,&quot;autoplay_speed&quot;:5000,&quot;infinite&quot;:&quot;yes&quot;,&quot;effect&quot;:&quot;slide&quot;,&quot;speed&quot;:500}\" data-widget_type=\"image-carousel.default\">\n\t\t\t\t<div class=\"elementor-widget-container\">\n\t\t\t\t\t\t\t<div class=\"elementor-image-carousel-wrapper swiper\" role=\"region\" aria-roledescription=\"carousel\" aria-label=\"Bild Karussell\" dir=\"ltr\">\n\t\t\t<div class=\"elementor-image-carousel swiper-wrapper\" aria-live=\"off\">\n\t\t\t\t\t\t\t\t<div class=\"swiper-slide\" role=\"group\" aria-roledescription=\"slide\" aria-label=\"1 of 6\"><figure class=\"swiper-slide-inner\"><img decoding=\"async\" class=\"swiper-slide-image\" src=\"https:\/\/enduring-weddings.at\/wp-content\/uploads\/2024\/05\/2024-04-28-Shooting-Jeezalm-206-scaled.jpg\" alt=\"Styled Shoot Jezzalm\" \/><\/figure><\/div><div class=\"swiper-slide\" role=\"group\" aria-roledescription=\"slide\" aria-label=\"2 of 6\"><figure class=\"swiper-slide-inner\"><img decoding=\"async\" class=\"swiper-slide-image\" src=\"https:\/\/enduring-weddings.at\/wp-content\/uploads\/2024\/05\/2024-04-28-Shooting-Jeezalm-205-scaled.jpg\" alt=\"Styled Shoot Jezzalm\" \/><\/figure><\/div><div class=\"swiper-slide\" role=\"group\" aria-roledescription=\"slide\" aria-label=\"3 of 6\"><figure class=\"swiper-slide-inner\"><img decoding=\"async\" class=\"swiper-slide-image\" src=\"https:\/\/enduring-weddings.at\/wp-content\/uploads\/2024\/05\/2024-04-28-Shooting-Jeezalm-201-scaled.jpg\" alt=\"Styled Shoot Jezzalm\" \/><\/figure><\/div><div class=\"swiper-slide\" role=\"group\" aria-roledescription=\"slide\" aria-label=\"4 of 6\"><figure class=\"swiper-slide-inner\"><img decoding=\"async\" class=\"swiper-slide-image\" src=\"https:\/\/enduring-weddings.at\/wp-content\/uploads\/2025\/11\/1-DSC08763-scaled.jpg\" alt=\"1 - DSC08763\" \/><\/figure><\/div><div class=\"swiper-slide\" role=\"group\" aria-roledescription=\"slide\" aria-label=\"5 of 6\"><figure class=\"swiper-slide-inner\"><img decoding=\"async\" class=\"swiper-slide-image\" src=\"https:\/\/enduring-weddings.at\/wp-content\/uploads\/2025\/11\/2-DSC08765-scaled.jpg\" alt=\"2 - DSC08765\" \/><\/figure><\/div><div class=\"swiper-slide\" role=\"group\" aria-roledescription=\"slide\" aria-label=\"6 of 6\"><figure class=\"swiper-slide-inner\"><img decoding=\"async\" class=\"swiper-slide-image\" src=\"https:\/\/enduring-weddings.at\/wp-content\/uploads\/2025\/11\/3-DSC08771-scaled.jpg\" alt=\"3 - DSC08771\" \/><\/figure><\/div>\t\t\t<\/div>\n\t\t\t\t\t\t\t\t\t\t\t\t<div class=\"elementor-swiper-button elementor-swiper-button-prev\" role=\"button\" tabindex=\"0\">\n\t\t\t\t\t\t<svg aria-hidden=\"true\" class=\"e-font-icon-svg e-eicon-chevron-left\" viewbox=\"0 0 1000 1000\" xmlns=\"http:\/\/www.w3.org\/2000\/svg\"><path d=\"M646 125C629 125 613 133 604 142L308 442C296 454 292 471 292 487 292 504 296 521 308 533L604 854C617 867 629 875 646 875 663 875 679 871 692 858 704 846 713 829 713 812 713 796 708 779 692 767L438 487 692 225C700 217 708 204 708 187 708 171 704 154 692 142 675 129 663 125 646 125Z\"><\/path><\/svg>\t\t\t\t\t<\/div>\n\t\t\t\t\t<div class=\"elementor-swiper-button elementor-swiper-button-next\" role=\"button\" tabindex=\"0\">\n\t\t\t\t\t\t<svg aria-hidden=\"true\" class=\"e-font-icon-svg e-eicon-chevron-right\" viewbox=\"0 0 1000 1000\" xmlns=\"http:\/\/www.w3.org\/2000\/svg\"><path d=\"M696 533C708 521 713 504 713 487 713 471 708 454 696 446L400 146C388 133 375 125 354 125 338 125 325 129 313 142 300 154 292 171 292 187 292 204 296 221 308 233L563 492 304 771C292 783 288 800 288 817 288 833 296 850 308 863 321 871 338 875 354 875 371 875 388 867 400 854L696 533Z\"><\/path><\/svg>\t\t\t\t\t<\/div>\n\t\t\t\t\n\t\t\t\t\t\t\t\t\t<div class=\"swiper-pagination\"><\/div>\n\t\t\t\t\t\t\t\t\t<\/div>\n\t\t\t\t\t\t<\/div>\n\t\t\t\t<\/div>\n\t\t\t\t\t<\/div>\n\t\t\t\t<\/div>\n\t\t\t\t<\/div>","protected":false},"excerpt":{"rendered":"<p>Rudi &#8211; VW Bully Der Tag, an dem ihr euch das Jawort gebt, besteht aus vielen emotionalen Momenten, die euch und euren Liebsten ein Leben lang in Erinnerung bleiben werden.\u00a0 Einer dieser Momente ist die Ankunft beim Standesamt oder der Kirche. Ob ihr gemeinsam vorf\u00e4hrt oder der Br\u00e4utigam mit den G\u00e4sten auf die Braut wartet [&hellip;]<\/p>\n","protected":false},"author":1,"featured_media":0,"parent":0,"menu_order":0,"comment_status":"closed","ping_status":"closed","template":"","meta":{"footnotes":""},"class_list":["post-838","page","type-page","status-publish","hentry"],"_links":{"self":[{"href":"https:\/\/enduring-weddings.at\/en\/wp-json\/wp\/v2\/pages\/838","targetHints":{"allow":["GET"]}}],"collection":[{"href":"https:\/\/enduring-weddings.at\/en\/wp-json\/wp\/v2\/pages"}],"about":[{"href":"https:\/\/enduring-weddings.at\/en\/wp-json\/wp\/v2\/types\/page"}],"author":[{"embeddable":true,"href":"https:\/\/enduring-weddings.at\/en\/wp-json\/wp\/v2\/users\/1"}],"replies":[{"embeddable":true,"href":"https:\/\/enduring-weddings.at\/en\/wp-json\/wp\/v2\/comments?post=838"}],"version-history":[{"count":10,"href":"https:\/\/enduring-weddings.at\/en\/wp-json\/wp\/v2\/pages\/838\/revisions"}],"predecessor-version":[{"id":1457,"href":"https:\/\/enduring-weddings.at\/en\/wp-json\/wp\/v2\/pages\/838\/revisions\/1457"}],"wp:attachment":[{"href":"https:\/\/enduring-weddings.at\/en\/wp-json\/wp\/v2\/media?parent=838"}],"curies":[{"name":"wp","href":"https:\/\/api.w.org\/{rel}","templated":true}]}}